{"id":195,"date":"2017-11-29T23:50:13","date_gmt":"2017-11-29T23:50:13","guid":{"rendered":"https:\/\/wp.politika24.de\/?page_id=195"},"modified":"2017-11-30T00:09:04","modified_gmt":"2017-11-30T00:09:04","slug":"unser-print-magazin","status":"publish","type":"page","link":"https:\/\/wp.politika24.de\/index.php\/unser-print-magazin\/","title":{"rendered":"Unser PRINT Magazin"},"content":{"rendered":"<p>Auch im digitalen Zeitalter sind im schnellen Wandel PRINT Ausgaben in Mode. Unser hochwertiges PRINT Magazin kommt bei Ver\u00f6ffentlichung direkt zu Ihnen nach Hause. Diese werden f\u00fcr jeden K\u00e4ufer einzeln von der Partner Druckerei gedruckt.<\/p>\n<p>Erfahren Sie \u00fcber unseren Newsletter, ab wann die erste Ausgabe in PRINT oder DIGITALer Auflage erscheint. Alle Abonnenten unseres Newsletter erhalten zudem einen 10% Rabatt auf unser Magazin.<\/p>\n","protected":false},"excerpt":{"rendered":"<p>Auch im digitalen Zeitalter sind im schnellen Wandel PRINT Ausgaben in Mode. Unser hochwertiges PRINT Magazin kommt bei Ver\u00f6ffentlichung direkt zu Ihnen nach Hause. Diese werden f\u00fcr jeden K\u00e4ufer einzeln von der Partner Druckerei gedruckt. Erfahren Sie \u00fcber unseren Newsletter, ab wann die erste Ausgabe in PRINT oder DIGITALer Auflage erscheint. Alle Abonnenten unseres Newsletter erhalten zudem einen 10% Rabatt auf unser Magazin.<\/p>\n","protected":false},"author":4,"featured_media":0,"parent":0,"menu_order":0,"comment_status":"closed","ping_status":"closed","template":"","meta":{"footnotes":""},"class_list":["post-195","page","type-page","status-publish","hentry"],"_links":{"self":[{"href":"https:\/\/wp.politika24.de\/index.php\/wp-json\/wp\/v2\/pages\/195","targetHints":{"allow":["GET"]}}],"collection":[{"href":"https:\/\/wp.politika24.de\/index.php\/wp-json\/wp\/v2\/pages"}],"about":[{"href":"https:\/\/wp.politika24.de\/index.php\/wp-json\/wp\/v2\/types\/page"}],"author":[{"embeddable":true,"href":"https:\/\/wp.politika24.de\/index.php\/wp-json\/wp\/v2\/users\/4"}],"replies":[{"embeddable":true,"href":"https:\/\/wp.politika24.de\/index.php\/wp-json\/wp\/v2\/comments?post=195"}],"version-history":[{"count":6,"href":"https:\/\/wp.politika24.de\/index.php\/wp-json\/wp\/v2\/pages\/195\/revisions"}],"predecessor-version":[{"id":205,"href":"https:\/\/wp.politika24.de\/index.php\/wp-json\/wp\/v2\/pages\/195\/revisions\/205"}],"wp:attachment":[{"href":"https:\/\/wp.politika24.de\/index.php\/wp-json\/wp\/v2\/media?parent=195"}],"curies":[{"name":"wp","href":"https:\/\/api.w.org\/{rel}","templated":true}]}}