{"id":294,"date":"2017-12-03T13:32:30","date_gmt":"2017-12-03T13:32:30","guid":{"rendered":"https:\/\/wp.politika24.de\/?page_id=294"},"modified":"2017-12-19T14:48:30","modified_gmt":"2017-12-19T14:48:30","slug":"was-ist-politika24","status":"publish","type":"page","link":"https:\/\/wp.politika24.de\/index.php\/was-ist-politika24\/","title":{"rendered":"Was ist Politika24?"},"content":{"rendered":"<p class=\"p1\"><span class=\"s1\">Politika24 hat sich zum Ziel gesetzt die politische Anlaufstelle f\u00fcr junge Menschen im Internet zu werden, um sich partei\u00fcbergreifend und umfassend eine eigene Meinung zu bilden als auch kontroverse Diskussionen zu f\u00fchren..<\/span><\/p>\n<p class=\"p1\"><span class=\"s1\">Inspiriert durch eigene Erfahrungen aus dem Freundes- und Bekanntenkreis ist uns bewusst geworden, dass sich immer mehr<span class=\"Apple-converted-space\">\u00a0 <\/span>Menschen zwei Gruppen zuordnen lassen:<\/span><\/p>\n<ul class=\"ul1\">\n<li class=\"li1\"><span class=\"s1\">Politisch interessierte Menschen, die sich in ihrer eigenen Blase bewegen. Dabei sind Informationen, insbesondere in den sozialen Netzwerken, so gefiltert, dass sie die eigene Meinung nur noch best\u00e4tigen und nicht zur kritischen Reflexion mit gegens\u00e4tzlichen Positionen anregen.<\/span><\/li>\n<li class=\"li1\"><span class=\"s1\">Menschen, die sich grunds\u00e4tzlich nicht f\u00fcr Politik interessieren, weil sich entweder sowieso nichts \u00e4ndern lassen w\u00fcrde beziehungsweise Politik langweilig sei.<\/span><\/li>\n<\/ul>\n<p class=\"p1\"><span class=\"s1\">Beide Personengruppen schw\u00e4chen die Teilhabe an unserer Demokratie, die auf gut informierten und engagierten B\u00fcrgerinnen und B\u00fcrgern basiert. <\/span><\/p>\n<p class=\"p1\"><span class=\"s1\">Deshalb informiert Politika24 aktuell und umfassend \u00fcber tagesaktuelle Politik und die politischen Themen unserer Zeit. Kernst\u00fcck unserer Philosophie ist dabei die Parteienunabh\u00e4ngigkeit: Bei uns kommen zu jedem Thema Nachwuchspolitiker aller etablierten Parteien zu Wort. So k\u00f6nnt ihr das Thema aus jedem Blickwinkel betrachten und auf Grundlage eines breiten Informationsspektrums Eure eigene Meinung bilden.<\/span><\/p>\n<p class=\"p1\"><span class=\"s1\">Politika24 lebt von der Kontroverse, die Politik erst zu einer spannenden Sache macht. Deshalb freuen wir uns \u00fcber jeden von Euch, der sich auf unserer Facebookseite an den Diskussionen beteiligt ***LINK***! <\/span><\/p>\n","protected":false},"excerpt":{"rendered":"<p>Politika24 hat sich zum Ziel gesetzt die politische Anlaufstelle f\u00fcr junge Menschen im Internet zu werden, um sich partei\u00fcbergreifend und umfassend eine eigene Meinung zu bilden als auch kontroverse Diskussionen zu f\u00fchren.. Inspiriert durch eigene Erfahrungen aus dem Freundes- und Bekanntenkreis ist uns bewusst geworden, dass sich immer mehr\u00a0 Menschen zwei Gruppen zuordnen lassen: Politisch interessierte Menschen, die sich in ihrer eigenen Blase bewegen. Dabei sind Informationen, insbesondere in den sozialen Netzwerken, so gefiltert, dass sie die eigene Meinung nur noch best\u00e4tigen und nicht zur kritischen Reflexion mit gegens\u00e4tzlichen Positionen anregen. Menschen, die sich grunds\u00e4tzlich nicht f\u00fcr Politik interessieren, weil sich entweder sowieso nichts \u00e4ndern lassen w\u00fcrde beziehungsweise Politik langweilig sei. Beide Personengruppen schw\u00e4chen die Teilhabe an unserer Demokratie, die auf gut informierten und engagierten B\u00fcrgerinnen und B\u00fcrgern basiert. Deshalb informiert Politika24 aktuell und umfassend \u00fcber tagesaktuelle Politik und die politischen Themen unserer Zeit. Kernst\u00fcck unserer Philosophie ist dabei die Parteienunabh\u00e4ngigkeit: Bei uns kommen zu jedem Thema Nachwuchspolitiker aller etablierten Parteien zu Wort. So k\u00f6nnt ihr das Thema aus jedem Blickwinkel betrachten und auf Grundlage eines breiten Informationsspektrums Eure eigene Meinung bilden. Politika24 lebt von der Kontroverse, die Politik erst zu einer spannenden Sache macht. Deshalb freuen wir uns \u00fcber jeden von Euch, der sich auf unserer Facebookseite an den Diskussionen beteiligt ***LINK***!<\/p>\n","protected":false},"author":4,"featured_media":0,"parent":0,"menu_order":0,"comment_status":"closed","ping_status":"closed","template":"","meta":{"footnotes":""},"class_list":["post-294","page","type-page","status-publish","hentry"],"_links":{"self":[{"href":"https:\/\/wp.politika24.de\/index.php\/wp-json\/wp\/v2\/pages\/294","targetHints":{"allow":["GET"]}}],"collection":[{"href":"https:\/\/wp.politika24.de\/index.php\/wp-json\/wp\/v2\/pages"}],"about":[{"href":"https:\/\/wp.politika24.de\/index.php\/wp-json\/wp\/v2\/types\/page"}],"author":[{"embeddable":true,"href":"https:\/\/wp.politika24.de\/index.php\/wp-json\/wp\/v2\/users\/4"}],"replies":[{"embeddable":true,"href":"https:\/\/wp.politika24.de\/index.php\/wp-json\/wp\/v2\/comments?post=294"}],"version-history":[{"count":6,"href":"https:\/\/wp.politika24.de\/index.php\/wp-json\/wp\/v2\/pages\/294\/revisions"}],"predecessor-version":[{"id":498,"href":"https:\/\/wp.politika24.de\/index.php\/wp-json\/wp\/v2\/pages\/294\/revisions\/498"}],"wp:attachment":[{"href":"https:\/\/wp.politika24.de\/index.php\/wp-json\/wp\/v2\/media?parent=294"}],"curies":[{"name":"wp","href":"https:\/\/api.w.org\/{rel}","templated":true}]}}